{"id":21,"date":"2025-12-12T12:52:41","date_gmt":"2025-12-12T11:52:41","guid":{"rendered":"https:\/\/villav31.com\/?page_id=21"},"modified":"2025-12-12T12:52:41","modified_gmt":"2025-12-12T11:52:41","slug":"accueil","status":"publish","type":"page","link":"https:\/\/villav31.com\/","title":{"rendered":"Accueil"},"content":{"rendered":"\n<p>Bienvenue dans votre refuge priv\u00e9 au c\u0153ur du c\u00e9l\u00e8bre Village naturiste du Cap d&rsquo;Agde.<br>Destination embl\u00e9matique pour les naturistes et les voyageurs open-minded du monde entier.<\/p>\n\n\n\n<p>Cette villa privatis\u00e9e vous offre tout le confort et la libert\u00e9 d&rsquo;un s\u00e9jour haut de gamme.<\/p>\n\n\n\n<ul class=\"wp-block-list\">\n<li>Une grande chambre (lit king size) et son dressing<\/li>\n\n\n\n<li>Une belle salle d&rsquo;eau moderne double vasque, WC s\u00e9par\u00e9 et lave linge<\/li>\n\n\n\n<li>Cuisine \u00e9quip\u00e9e<\/li>\n\n\n\n<li>Terrasse priv\u00e9e et ensoleill\u00e9e<\/li>\n\n\n\n<li>Int\u00e9rieur contemporain et \u00e9quipements haut de gamme<\/li>\n\n\n\n<li>Climatisation, WiFi, TV connect\u00e9e<\/li>\n\n\n\n<li>Draps, serviettes et m\u00e9nage hebdomadaire inclus.<\/li>\n<\/ul>\n\n\n\n<p>\u00c0 quelques pas de la plage, des restaurants, boutiques, piscines et clubs.<\/p>\n\n\n\n<p>Id\u00e9al pour les couples. Discr\u00e9tion, respect et confort assur\u00e9s.<\/p>\n\n\n\n<p>Minimum 2 nuits.<\/p>\n\n\n\n<p>Acc\u00e8s facile ; a\u00e9roports \u00e0 proximit\u00e9 B\u00e9ziers ou Montpellier.<\/p>\n\n\n\n<p>N&rsquo;h\u00e9sitez pas \u00e0 nous envoyer un message pour plus d&rsquo;infos; disponibilit\u00e9, prix et requ\u00eates particuli\u00e8res.  <\/p>\n","protected":false},"excerpt":{"rendered":"<p>Bienvenue dans votre refuge priv\u00e9 au c\u0153ur du c\u00e9l\u00e8bre Village naturiste du Cap d&rsquo;Agde.Destination embl\u00e9matique pour les naturistes et les voyageurs open-minded du monde entier. Cette villa privatis\u00e9e vous offre tout le confort et la libert\u00e9 d&rsquo;un s\u00e9jour haut de gamme. \u00c0 quelques pas de la plage, des restaurants, boutiques, piscines et clubs. Id\u00e9al pour les couples. Discr\u00e9tion, respect et confort assur\u00e9s. Minimum 2 nuits. Acc\u00e8s facile ; a\u00e9roports \u00e0 proximit\u00e9 B\u00e9ziers ou Montpellier. N&rsquo;h\u00e9sitez pas \u00e0 nous envoyer un message pour plus d&rsquo;infos; disponibilit\u00e9, prix et requ\u00eates particuli\u00e8res.<\/p>\n","protected":false},"author":1,"featured_media":0,"parent":0,"menu_order":0,"comment_status":"closed","ping_status":"closed","template":"","meta":{"footnotes":""},"class_list":["post-21","page","type-page","status-publish","hentry"],"_links":{"self":[{"href":"https:\/\/villav31.com\/index.php\/wp-json\/wp\/v2\/pages\/21","targetHints":{"allow":["GET"]}}],"collection":[{"href":"https:\/\/villav31.com\/index.php\/wp-json\/wp\/v2\/pages"}],"about":[{"href":"https:\/\/villav31.com\/index.php\/wp-json\/wp\/v2\/types\/page"}],"author":[{"embeddable":true,"href":"https:\/\/villav31.com\/index.php\/wp-json\/wp\/v2\/users\/1"}],"replies":[{"embeddable":true,"href":"https:\/\/villav31.com\/index.php\/wp-json\/wp\/v2\/comments?post=21"}],"version-history":[{"count":1,"href":"https:\/\/villav31.com\/index.php\/wp-json\/wp\/v2\/pages\/21\/revisions"}],"predecessor-version":[{"id":22,"href":"https:\/\/villav31.com\/index.php\/wp-json\/wp\/v2\/pages\/21\/revisions\/22"}],"wp:attachment":[{"href":"https:\/\/villav31.com\/index.php\/wp-json\/wp\/v2\/media?parent=21"}],"curies":[{"name":"wp","href":"https:\/\/api.w.org\/{rel}","templated":true}]}}